{"id":17793,"date":"2025-07-04T12:53:47","date_gmt":"2025-07-04T12:53:47","guid":{"rendered":"https:\/\/cupoffaith.de\/?page_id=17793"},"modified":"2025-10-02T18:14:39","modified_gmt":"2025-10-02T18:14:39","slug":"coming-soon-cof-events","status":"publish","type":"page","link":"https:\/\/cupoffaith.de\/de\/coming-soon-cof-events\/","title":{"rendered":"Coming Soon &#8211; Cof Events"},"content":{"rendered":"<div data-elementor-type=\"wp-page\" data-elementor-id=\"17793\" class=\"elementor elementor-17793\" data-elementor-post-type=\"page\">\n\t\t\t\t\t\t<section class=\"elementor-section elementor-top-section elementor-element elementor-element-6fdb560 elementor-section-height-min-height elementor-section-boxed elementor-section-height-default elementor-section-items-middle sc_fly_static\" data-id=\"6fdb560\" data-element_type=\"section\">\n\t\t\t\t\t\t<div class=\"elementor-container elementor-column-gap-extended\">\n\t\t\t\t\t<div class=\"elementor-column elementor-col-100 elementor-top-column elementor-element elementor-element-c8d5d5e sc_content_align_inherit sc_layouts_column_icons_position_left sc_fly_static\" data-id=\"c8d5d5e\" data-element_type=\"column\">\n\t\t\t<div class=\"elementor-widget-wrap elementor-element-populated\">\n\t\t\t\t\t\t<div class=\"elementor-element elementor-element-edd0869 elementor-nav-menu__align-center elementor-nav-menu--dropdown-none e-transform sc_fly_static elementor-widget elementor-widget-nav-menu\" data-id=\"edd0869\" data-element_type=\"widget\" data-settings=\"{&quot;_transform_scale_effect_mobile&quot;:{&quot;unit&quot;:&quot;px&quot;,&quot;size&quot;:1.9,&quot;sizes&quot;:[]},&quot;layout&quot;:&quot;horizontal&quot;,&quot;submenu_icon&quot;:{&quot;value&quot;:&quot;&lt;i class=\\&quot;fas fa-caret-down\\&quot;&gt;&lt;\\\/i&gt;&quot;,&quot;library&quot;:&quot;fa-solid&quot;},&quot;_transform_scale_effect&quot;:{&quot;unit&quot;:&quot;px&quot;,&quot;size&quot;:&quot;&quot;,&quot;sizes&quot;:[]},&quot;_transform_scale_effect_tablet&quot;:{&quot;unit&quot;:&quot;px&quot;,&quot;size&quot;:&quot;&quot;,&quot;sizes&quot;:[]}}\" data-widget_type=\"nav-menu.default\">\n\t\t\t\t<div class=\"elementor-widget-container\">\n\t\t\t\t\t\t\t\t<nav aria-label=\"Speisekarte\" class=\"elementor-nav-menu--main elementor-nav-menu__container elementor-nav-menu--layout-horizontal e--pointer-underline e--animation-fade\">\n\t\t\t\t<ul id=\"menu-1-edd0869\" class=\"elementor-nav-menu\"><li class=\"menu-item menu-item-type-post_type menu-item-object-page menu-item-17813\"><a href=\"https:\/\/cupoffaith.de\/de\/coming-soon-cof-cafe\/\" class=\"elementor-item\">COF Caf\u00e9<\/a><\/li><li class=\"menu-item menu-item-type-post_type menu-item-object-page menu-item-17812\"><a href=\"https:\/\/cupoffaith.de\/de\/coming-soon-cofocus\/\" class=\"elementor-item\">Coming Soon &#8211; COFocus<\/a><\/li><li class=\"menu-item menu-item-type-post_type menu-item-object-page menu-item-17810\"><a href=\"https:\/\/cupoffaith.de\/de\/coming-soon-cof-pastries\/\" class=\"elementor-item\">COF Geb\u00e4ck<\/a><\/li><li class=\"menu-item menu-item-type-post_type menu-item-object-page menu-item-17811\"><a href=\"https:\/\/cupoffaith.de\/de\/coming-soon-cof-events\/\" class=\"elementor-item\">COF-Veranstaltungen<\/a><\/li><\/ul>\t\t\t<\/nav>\n\t\t\t\t\t\t<nav class=\"elementor-nav-menu--dropdown elementor-nav-menu__container\" aria-hidden=\"true\">\n\t\t\t\t<ul id=\"menu-2-edd0869\" class=\"elementor-nav-menu\"><li class=\"menu-item menu-item-type-post_type menu-item-object-page menu-item-17813\"><a href=\"https:\/\/cupoffaith.de\/de\/coming-soon-cof-cafe\/\" class=\"elementor-item\" tabindex=\"-1\">COF Caf\u00e9<\/a><\/li><li class=\"menu-item menu-item-type-post_type menu-item-object-page menu-item-17812\"><a href=\"https:\/\/cupoffaith.de\/de\/coming-soon-cofocus\/\" class=\"elementor-item\" tabindex=\"-1\">Coming Soon &#8211; COFocus<\/a><\/li><li class=\"menu-item menu-item-type-post_type menu-item-object-page menu-item-17810\"><a href=\"https:\/\/cupoffaith.de\/de\/coming-soon-cof-pastries\/\" class=\"elementor-item\" tabindex=\"-1\">COF Geb\u00e4ck<\/a><\/li><li class=\"menu-item menu-item-type-post_type menu-item-object-page menu-item-17811\"><a href=\"https:\/\/cupoffaith.de\/de\/coming-soon-cof-events\/\" class=\"elementor-item\" tabindex=\"-1\">COF-Veranstaltungen<\/a><\/li><\/ul>\t\t\t<\/nav>\n\t\t\t\t\t\t<\/div>\n\t\t\t\t<\/div>\n\t\t\t\t\t<\/div>\n\t\t<\/div>\n\t\t\t\t\t<\/div>\n\t\t<\/section>\n\t\t\t\t<section class=\"elementor-section elementor-top-section elementor-element elementor-element-338b9c68 elementor-section-height-min-height elementor-section-full_width elementor-section-height-default elementor-section-items-middle sc_fly_static\" data-id=\"338b9c68\" data-element_type=\"section\" data-settings=\"{&quot;background_background&quot;:&quot;video&quot;,&quot;background_video_link&quot;:&quot;https:\\\/\\\/cupoffaith.de\\\/wp-content\\\/uploads\\\/2025\\\/06\\\/COF-Background-1-1-1-1.mp4&quot;,&quot;background_play_on_mobile&quot;:&quot;yes&quot;}\">\n\t\t\t\t\t\t\t\t<div class=\"elementor-background-video-container\" aria-hidden=\"true\">\n\t\t\t\t\t\t\t\t\t\t\t\t\t<video class=\"elementor-background-video-hosted\" autoplay muted playsinline loop><\/video>\n\t\t\t\t\t\t\t\t\t\t\t<\/div>\n\t\t\t\t\t\t\t\t\t<div class=\"elementor-background-overlay\"><\/div>\n\t\t\t\t\t\t\t<div class=\"elementor-container elementor-column-gap-extended\">\n\t\t\t\t\t<div class=\"elementor-column elementor-col-100 elementor-top-column elementor-element elementor-element-191a9928 sc_content_align_inherit sc_layouts_column_icons_position_left sc_fly_static\" data-id=\"191a9928\" data-element_type=\"column\">\n\t\t\t<div class=\"elementor-widget-wrap elementor-element-populated\">\n\t\t\t\t\t\t<div data-animation-type=\"block\" class=\"elementor-element elementor-element-3c9b5297 animation_type_block sc_fly_static elementor-invisible elementor-widget elementor-widget-image\" data-id=\"3c9b5297\" data-element_type=\"widget\" data-settings=\"{&quot;_animation&quot;:&quot;fadeInUp&quot;}\" data-widget_type=\"image.default\">\n\t\t\t\t<div class=\"elementor-widget-container\">\n\t\t\t\t\t\t\t\t\t\t\t\t\t\t\t<img fetchpriority=\"high\" decoding=\"async\" width=\"1024\" height=\"318\" src=\"https:\/\/cupoffaith.de\/wp-content\/uploads\/2025\/06\/logo-design-png-12_6x-8-1-1024x318.png\" class=\"attachment-large size-large wp-image-17761\" alt=\"\" srcset=\"https:\/\/cupoffaith.de\/wp-content\/uploads\/2025\/06\/logo-design-png-12_6x-8-1-1024x318.png 1024w, https:\/\/cupoffaith.de\/wp-content\/uploads\/2025\/06\/logo-design-png-12_6x-8-1-300x93.png 300w, https:\/\/cupoffaith.de\/wp-content\/uploads\/2025\/06\/logo-design-png-12_6x-8-1-768x238.png 768w, https:\/\/cupoffaith.de\/wp-content\/uploads\/2025\/06\/logo-design-png-12_6x-8-1-1536x477.png 1536w, https:\/\/cupoffaith.de\/wp-content\/uploads\/2025\/06\/logo-design-png-12_6x-8-1-370x115.png 370w, https:\/\/cupoffaith.de\/wp-content\/uploads\/2025\/06\/logo-design-png-12_6x-8-1-840x261.png 840w, https:\/\/cupoffaith.de\/wp-content\/uploads\/2025\/06\/logo-design-png-12_6x-8-1-410x127.png 410w, https:\/\/cupoffaith.de\/wp-content\/uploads\/2025\/06\/logo-design-png-12_6x-8-1.png 1811w\" sizes=\"(max-width: 1024px) 100vw, 1024px\" \/>\t\t\t\t\t\t\t\t\t\t\t\t\t\t\t<\/div>\n\t\t\t\t<\/div>\n\t\t\t\t<div data-animation-type=\"line\" data-animation-stagger=\"1000\" class=\"elementor-element elementor-element-57ad9142 animated-slow animation_type_line sc_fly_static elementor-invisible elementor-widget elementor-widget-trx_sc_title\" data-id=\"57ad9142\" data-element_type=\"widget\" data-settings=\"{&quot;_animation&quot;:&quot;fadeInUp&quot;,&quot;_animation_delay&quot;:1500}\" data-widget_type=\"trx_sc_title.default\">\n\t\t\t\t<div class=\"elementor-widget-container\">\n\t\t\t\t\t<div\t\tclass=\"sc_title sc_title_default\" ><h2 class=\"sc_item_title sc_title_title sc_align_center sc_item_title_style_default trx_addons_inline_1118598426\"\n\t\t\t><span class=\"sc_item_title_text\">Ihr neuer Coffee Shop &amp; Creative Space in K\u00f6ln<\/span><\/h2><\/div>\t\t\t\t<\/div>\n\t\t\t\t<\/div>\n\t\t\t\t<div data-animation-type=\"line\" data-animation-stagger=\"1000\" class=\"elementor-element elementor-element-12f2903 animated-slow animation_type_line sc_fly_static elementor-invisible elementor-widget elementor-widget-trx_sc_title\" data-id=\"12f2903\" data-element_type=\"widget\" data-settings=\"{&quot;_animation&quot;:&quot;fadeInUp&quot;,&quot;_animation_delay&quot;:1500}\" data-widget_type=\"trx_sc_title.default\">\n\t\t\t\t<div class=\"elementor-widget-container\">\n\t\t\t\t\t<div\t\tclass=\"sc_title sc_title_default\" ><h2 class=\"sc_item_title sc_title_title sc_align_center sc_item_title_style_default trx_addons_inline_193184299\"\n\t\t\t><span class=\"sc_item_title_text\">Demn\u00e4chst verf\u00fcgbar<\/span><\/h2><\/div>\t\t\t\t<\/div>\n\t\t\t\t<\/div>\n\t\t\t\t<div class=\"elementor-element elementor-element-4f575abe sc_fly_static elementor-widget elementor-widget-text-editor\" data-id=\"4f575abe\" data-element_type=\"widget\" data-widget_type=\"text-editor.default\">\n\t\t\t\t<div class=\"elementor-widget-container\">\n\t\t\t\t\t\t\t\t\t<p>COF Events ist dein Raum, um zu feiern, dich zu verbinden und besondere Momente zu schaffen, direkt im Herzen von K\u00f6ln. Von Geburtstagsfeiern, Baby Showers, Hochzeiten und Worship Nights bis hin zu Workshops, Seminaren und Movie Nights \u2013 COF bietet dir den Raum, deine Vision Wirklichkeit werden zu lassen, egal ob im kleinen Kreis oder f\u00fcr gr\u00f6\u00dfere Veranstaltungen. Wir bieten einen vielseitig nutzbaren, sch\u00f6nen Raum, der sich flexibel an deine Vorstellungen anpasst.<\/p>\t\t\t\t\t\t\t\t<\/div>\n\t\t\t\t<\/div>\n\t\t\t\t<div class=\"elementor-element elementor-element-aeb7a35 sc_fly_static elementor-widget elementor-widget-trx_sc_button\" data-id=\"aeb7a35\" data-element_type=\"widget\" data-widget_type=\"trx_sc_button.default\">\n\t\t\t\t<div class=\"elementor-widget-container\">\n\t\t\t\t\t<div\tclass=\"sc_item_button sc_button_wrap sc_align_center\" ><a href=\"mailto:cof-universe@hotmail.com\" class=\"sc_button sc_button_decoration sc_button_size_normal sc_button_icon_left\" ><span class=\"sc_button_text sc_align_center\"><span class=\"sc_button_title\">cof-universe@hotmail.com<\/span><\/span><\/a><\/div>\t\t\t\t<\/div>\n\t\t\t\t<\/div>\n\t\t\t\t\t<\/div>\n\t\t<\/div>\n\t\t\t\t\t<\/div>\n\t\t<\/section>\n\t\t\t\t<\/div>","protected":false},"excerpt":{"rendered":"<p>Your new coffee shop &#038; Creative Space in Cologne Coming Soon COF Events is your space to celebrate, connect, and create meaningful moments right in the heart of Cologne. From&hellip;<\/p>","protected":false},"author":2,"featured_media":0,"parent":0,"menu_order":0,"comment_status":"closed","ping_status":"closed","template":"elementor_canvas","meta":{"footnotes":""},"class_list":["post-17793","page","type-page","status-publish","hentry"],"_links":{"self":[{"href":"https:\/\/cupoffaith.de\/de\/wp-json\/wp\/v2\/pages\/17793","targetHints":{"allow":["GET"]}}],"collection":[{"href":"https:\/\/cupoffaith.de\/de\/wp-json\/wp\/v2\/pages"}],"about":[{"href":"https:\/\/cupoffaith.de\/de\/wp-json\/wp\/v2\/types\/page"}],"author":[{"embeddable":true,"href":"https:\/\/cupoffaith.de\/de\/wp-json\/wp\/v2\/users\/2"}],"replies":[{"embeddable":true,"href":"https:\/\/cupoffaith.de\/de\/wp-json\/wp\/v2\/comments?post=17793"}],"version-history":[{"count":20,"href":"https:\/\/cupoffaith.de\/de\/wp-json\/wp\/v2\/pages\/17793\/revisions"}],"predecessor-version":[{"id":18023,"href":"https:\/\/cupoffaith.de\/de\/wp-json\/wp\/v2\/pages\/17793\/revisions\/18023"}],"wp:attachment":[{"href":"https:\/\/cupoffaith.de\/de\/wp-json\/wp\/v2\/media?parent=17793"}],"curies":[{"name":"wp","href":"https:\/\/api.w.org\/{rel}","templated":true}]}}